{"id":25181,"date":"2025-03-14T10:48:21","date_gmt":"2025-03-14T09:48:21","guid":{"rendered":"https:\/\/internoverde.it\/?page_id=25181"},"modified":"2025-10-29T17:03:03","modified_gmt":"2025-10-29T16:03:03","slug":"trasparenza","status":"publish","type":"page","link":"https:\/\/internoverde.it\/eng\/trasparenza\/","title":{"rendered":"Trasparenza"},"content":{"rendered":"<p>[et_pb_section fb_built=&#8221;1&#8243; _builder_version=&#8221;4.19.5&#8243; _module_preset=&#8221;default&#8221; global_colors_info=&#8221;{}&#8221;][et_pb_row _builder_version=&#8221;4.19.5&#8243; _module_preset=&#8221;default&#8221; global_colors_info=&#8221;{}&#8221;][et_pb_column type=&#8221;4_4&#8243; _builder_version=&#8221;4.19.5&#8243; _module_preset=&#8221;default&#8221; global_colors_info=&#8221;{}&#8221;][et_pb_text _builder_version=&#8221;4.27.4&#8243; _module_preset=&#8221;default&#8221; header_font=&#8221;unbaunded||||||||&#8221; global_colors_info=&#8221;{}&#8221;]<\/p>\n<h1 style=\"text-align: center;\">Trasparenza<\/h1>\n<p>[\/et_pb_text][et_pb_text _builder_version=&#8221;4.27.4&#8243; text_font_size=&#8221;16px&#8221; header_4_font=&#8221;unbaunded||||||||&#8221; text_orientation=&#8221;justified&#8221; custom_margin=&#8221;30px||||false|false&#8221; text_font_size_tablet=&#8221;16px&#8221; text_font_size_phone=&#8221;16px&#8221; text_font_size_last_edited=&#8221;on|desktop&#8221; text_text_align=&#8221;justify&#8221; locked=&#8221;off&#8221; global_colors_info=&#8221;{}&#8221;]<\/p>\n<p style=\"text-align: center;\"><span>Bilanci di responsabilit\u00e0 sociale e contributi pubblici.<\/span><\/p>\n<p style=\"text-align: center;\"><span>Informazioni ex art. 1, comma 125, della legge 4 agosto 2017 n. 124.<\/span><\/p>\n<p>[\/et_pb_text][et_pb_button button_url=&#8221;https:\/\/internoverde.it\/wp-content\/uploads\/2024\/06\/IV.AttoCostitutivo-Statuto.pdf&#8221; url_new_window=&#8221;on&#8221; button_text=&#8221;Statuto e atto costitutivo&#8221; button_alignment=&#8221;center&#8221; _builder_version=&#8221;4.24.3&#8243; _module_preset=&#8221;default&#8221; custom_button=&#8221;on&#8221; button_border_width=&#8221;2px&#8221; button_border_radius=&#8221;25px&#8221; button_icon=&#8221;&#xf4be;||fa||900&#8243; button_text_size_tablet=&#8221;&#8221; button_text_size_phone=&#8221;17px&#8221; button_text_size_last_edited=&#8221;on|phone&#8221; global_colors_info=&#8221;{}&#8221;][\/et_pb_button][et_pb_button button_url=&#8221;https:\/\/internoverde.it\/wp-content\/uploads\/2022\/06\/Bilanciosociale2021_InternoVerde.pdf&#8221; url_new_window=&#8221;on&#8221; button_text=&#8221;Bilancio di responsabilit\u00e0 sociale 2021&#8243; button_alignment=&#8221;center&#8221; _builder_version=&#8221;4.24.3&#8243; _module_preset=&#8221;default&#8221; custom_button=&#8221;on&#8221; button_border_width=&#8221;2px&#8221; button_border_radius=&#8221;25px&#8221; button_icon=&#8221;&#xf4be;||fa||900&#8243; button_text_size_tablet=&#8221;&#8221; button_text_size_phone=&#8221;16px&#8221; button_text_size_last_edited=&#8221;on|phone&#8221; global_colors_info=&#8221;{}&#8221;][\/et_pb_button][et_pb_button button_url=&#8221;https:\/\/internoverde.it\/wp-content\/uploads\/2023\/07\/BilancioSocialeInternoVerde2022CP-1.pdf&#8221; url_new_window=&#8221;on&#8221; button_text=&#8221;Bilancio di responsabilit\u00e0 sociale 2022&#8243; button_alignment=&#8221;center&#8221; _builder_version=&#8221;4.24.3&#8243; _module_preset=&#8221;default&#8221; custom_button=&#8221;on&#8221; button_border_width=&#8221;2px&#8221; button_border_radius=&#8221;25px&#8221; button_icon=&#8221;&#xf4be;||fa||900&#8243; button_text_size_tablet=&#8221;&#8221; button_text_size_phone=&#8221;16px&#8221; button_text_size_last_edited=&#8221;on|phone&#8221; global_colors_info=&#8221;{}&#8221;][\/et_pb_button][et_pb_button button_url=&#8221;https:\/\/internoverde.it\/wp-content\/uploads\/2024\/06\/InternoVerde-BilancioSociale-CP2023.pdf&#8221; url_new_window=&#8221;on&#8221; button_text=&#8221;Bilancio di responsabilit\u00e0 sociale 2023&#8243; button_alignment=&#8221;center&#8221; _builder_version=&#8221;4.24.3&#8243; _module_preset=&#8221;default&#8221; custom_button=&#8221;on&#8221; button_border_width=&#8221;2px&#8221; button_border_radius=&#8221;25px&#8221; button_icon=&#8221;&#xf4be;||fa||900&#8243; button_text_size_tablet=&#8221;&#8221; button_text_size_phone=&#8221;16px&#8221; button_text_size_last_edited=&#8221;on|phone&#8221; global_colors_info=&#8221;{}&#8221;][\/et_pb_button][et_pb_button button_url=&#8221;https:\/\/internoverde.it\/wp-content\/uploads\/2025\/10\/BilancioSociale-2024.pdf&#8221; url_new_window=&#8221;on&#8221; button_text=&#8221;Bilancio di responsabilit\u00e0 sociale 2024&#8243; button_alignment=&#8221;center&#8221; disabled_on=&#8221;off|off|off&#8221; _builder_version=&#8221;4.27.4&#8243; _module_preset=&#8221;default&#8221; custom_button=&#8221;on&#8221; button_border_width=&#8221;2px&#8221; button_border_radius=&#8221;25px&#8221; button_icon=&#8221;&#xf4be;||fa||900&#8243; hover_enabled=&#8221;0&#8243; button_text_size_tablet=&#8221;&#8221; button_text_size_phone=&#8221;16px&#8221; button_text_size_last_edited=&#8221;on|phone&#8221; global_colors_info=&#8221;{}&#8221; sticky_enabled=&#8221;0&#8243;][\/et_pb_button][\/et_pb_column][\/et_pb_row][\/et_pb_section]<\/p>","protected":false},"excerpt":{"rendered":"<p>TrasparenzaBilanci di responsabilit\u00e0 sociale e contributi pubblici. Informazioni ex art. 1, comma 125, della legge 4 agosto 2017 n. 124.<\/p>","protected":false},"author":1,"featured_media":0,"parent":0,"menu_order":0,"comment_status":"closed","ping_status":"closed","template":"","meta":{"_et_pb_use_builder":"on","_et_pb_old_content":"[vc_row css=\".vc_custom_1517574984650{margin-top: 60px !important;margin-right: 20px !important;margin-left: 10px !important;border-top-width: 60px !important;border-right-width: 20px !important;padding-top: 60px !important;padding-right: 20px !important;}\"][vc_column width=\"1\/4\" offset=\"vc_hidden-xs\"][vc_single_image image=\"821\" img_size=\"medium\" alignment=\"center\" css=\".vc_custom_1549391343661{padding-top: 40px !important;padding-bottom: 20px !important;}\"][\/vc_column][vc_column width=\"1\/2\" css=\".vc_custom_1517575038221{margin-left: 5px !important;}\"][vc_custom_heading text=\"Interno Verde ha da sempre prestato grande attenzione alla sostenibilit\u00e0, intesa sia dal punto di vista ambientale che economico e sociale. Gi\u00e0 dalla sua prima edizione \u2013 in virt\u00f9 dei tanti accorgimenti adottati per migliorare la qualit\u00e0 della manifestazione e ridurre il suo impatto sul territorio \u2013 il festival \u00e8 stato inserito nella rete internazionale ZeroWaste.\" font_container=\"tag:p|font_size:20|text_align:left|color:%23000000\" google_fonts=\"font_family:Poly%3Aregular%2Citalic|font_style:400%20regular%3A400%3Anormal\"][vc_custom_heading text=\"Nell\u2019edizione 2018 l\u2019associazione Ilturco ha voluto fare un passo in pi\u00f9: ha richiesto e ottenuto la certificazione ISO20121. Si tratta di un traguardo importante, un impegno assunto nei confronti della comunit\u00e0, dei tanti visitatori che ogni anno si lasciano affascinare dai giardini ferraresi, dell\u2019associazione stessa che ha ideato e cura l\u2019evento, cercando ogni anno di migliorarsi e trasformare Interno Verde in un appuntamento non solo interessante e curioso, ma concretamente inclusivo e il pi\u00f9 possibile accogliente.\r\nAdeguandosi agli standard internazionali della certificazione Ilturco sceglie di strutturare la propria organizzazione interna affinch\u00e9 sia sempre pi\u00f9 efficace il lavoro svolto. \" font_container=\"tag:p|font_size:20|text_align:left|color:%23000000\" google_fonts=\"font_family:Poly%3Aregular%2Citalic|font_style:400%20regular%3A400%3Anormal\"][vc_custom_heading text=\"Gli obiettivi principali sono due: \" font_container=\"tag:p|font_size:20|text_align:left|color:%23000000\" google_fonts=\"font_family:Poly%3Aregular%2Citalic|font_style:400%20regular%3A400%3Anormal\"][vc_custom_heading text=\"- offrire agli abitanti l\u2019opportunit\u00e0 di leggere e interpretare lo spazio che quotidianamente si vive e si attraversa, sollecitare nei confronti degli ospiti provenienti da altre citt\u00e0 una pi\u00f9 completa comprensione del passato e maggiore consapevolezza della ricchezza presente del territorio, che necessita di essere tutelata e promossa;\" font_container=\"tag:p|font_size:20|text_align:left|color:%23000000\" google_fonts=\"font_family:Poly%3Aregular%2Citalic|font_style:400%20regular%3A400%3Anormal\"][vc_custom_heading text=\"- promuovere attraverso l\u2019eccezionale condivisione di spazi normalmente interdetti al pubblico una socialit\u00e0 spontanea, un sentimento di vicinanza e appartenenza basato sulla fiducia e sulla reciprocit\u00e0, che possa restituire alla comunit\u00e0 il senso del vivere assieme. Le azioni intraprese per migliorare l\u2019edizione 2018 del festival sono tante e diversificate. Alcune sono note e conosciute trasversalmente, sia dagli iscritti alla manifestazione che dai partner e dagli sponsor, altre invece passano inosservate ai pi\u00f9 ma non per questo si dovrebbero ritenere meno significative. \" font_container=\"tag:p|font_size:20|text_align:left|color:%23000000\" google_fonts=\"font_family:Poly%3Aregular%2Citalic|font_style:400%20regular%3A400%3Anormal\"][vc_custom_heading text=\"Spesso \u00e8 proprio nel dettaglio, nella piccola cura in pi\u00f9, che risiede l\u2019unicit\u00e0 di un progetto. \" font_container=\"tag:p|font_size:20|text_align:left|color:%23000000\" google_fonts=\"font_family:Poly%3Aregular%2Citalic|font_style:400%20regular%3A400%3Anormal\"][vc_empty_space height=\"60\"][vc_custom_heading text=\"Dichiarazione di intenti e valori (pdf)\" font_container=\"tag:p|font_size:20|text_align:center|color:%23000000\" google_fonts=\"font_family:Poly%3Aregular%2Citalic|font_style:400%20italic%3A400%3Aitalic\" link=\"url:http%3A%2F%2Finternoverde.it%2Fwp-content%2Fuploads%2F2018%2F09%2FDichiarazione-di-valori-e-intenti.pdf||target:%20_blank|\"][vc_empty_space height=\"60\"][vc_single_image image=\"776\" alignment=\"center\"][vc_empty_space height=\"60\"][\/vc_column][vc_column width=\"1\/4\"][\/vc_column][\/vc_row]","_et_gb_content_width":"","footnotes":""},"class_list":["post-25181","page","type-page","status-publish","hentry"],"aioseo_notices":[],"_links":{"self":[{"href":"https:\/\/internoverde.it\/eng\/wp-json\/wp\/v2\/pages\/25181","targetHints":{"allow":["GET"]}}],"collection":[{"href":"https:\/\/internoverde.it\/eng\/wp-json\/wp\/v2\/pages"}],"about":[{"href":"https:\/\/internoverde.it\/eng\/wp-json\/wp\/v2\/types\/page"}],"author":[{"embeddable":true,"href":"https:\/\/internoverde.it\/eng\/wp-json\/wp\/v2\/users\/1"}],"replies":[{"embeddable":true,"href":"https:\/\/internoverde.it\/eng\/wp-json\/wp\/v2\/comments?post=25181"}],"version-history":[{"count":10,"href":"https:\/\/internoverde.it\/eng\/wp-json\/wp\/v2\/pages\/25181\/revisions"}],"predecessor-version":[{"id":29323,"href":"https:\/\/internoverde.it\/eng\/wp-json\/wp\/v2\/pages\/25181\/revisions\/29323"}],"wp:attachment":[{"href":"https:\/\/internoverde.it\/eng\/wp-json\/wp\/v2\/media?parent=25181"}],"curies":[{"name":"wp","href":"https:\/\/api.w.org\/{rel}","templated":true}]}}