{"id":18894,"date":"2024-03-11T10:36:28","date_gmt":"2024-03-11T09:36:28","guid":{"rendered":"https:\/\/internoverde.it\/?page_id=18894"},"modified":"2026-02-17T12:23:37","modified_gmt":"2026-02-17T11:23:37","slug":"piacenza","status":"publish","type":"page","link":"https:\/\/internoverde.it\/eng\/piacenza\/","title":{"rendered":"Interno Verde Piacenza"},"content":{"rendered":"<p>[et_pb_section fb_built=&#8221;1&#8243; disabled_on=&#8221;off|off|off&#8221; _builder_version=&#8221;4.16&#8243; background_color=&#8221;#f2f2f2&#8243; background_enable_image=&#8221;off&#8221; background_size=&#8221;contain&#8221; background_position=&#8221;bottom_left&#8221; custom_margin=&#8221;-43px|||||&#8221; custom_padding=&#8221;0px||0px||false|false&#8221; locked=&#8221;off&#8221; global_colors_info=&#8221;{}&#8221;][et_pb_row disabled_on=&#8221;off|off|off&#8221; _builder_version=&#8221;4.21.2&#8243; width_tablet=&#8221;70%&#8221; width_phone=&#8221;80%&#8221; width_last_edited=&#8221;on|tablet&#8221; custom_padding=&#8221;24px||24px||true|false&#8221; global_colors_info=&#8221;{}&#8221;][et_pb_column type=&#8221;4_4&#8243; _builder_version=&#8221;4.16&#8243; global_colors_info=&#8221;{}&#8221;][et_pb_text _builder_version=&#8221;4.27.4&#8243; _module_preset=&#8221;default&#8221; header_font=&#8221;unbaunded||||||||&#8221; min_height=&#8221;45px&#8221; custom_margin=&#8221;42px||60px|||&#8221; hover_enabled=&#8221;0&#8243; global_colors_info=&#8221;{}&#8221; custom_padding=&#8221;30px||||false|false&#8221; sticky_enabled=&#8221;0&#8243;]<\/p>\n<h1 style=\"text-align: center;\">Interno Verde<\/h1>\n<h1 style=\"text-align: center;\">a Piacenza<\/h1>\n<p>[\/et_pb_text][et_pb_text disabled_on=&#8221;off|off|off&#8221; _builder_version=&#8221;4.27.4&#8243; text_orientation=&#8221;justified&#8221; custom_margin=&#8221;-31px|||||&#8221; text_font_size_tablet=&#8221;&#8221; text_font_size_phone=&#8221;16px&#8221; text_font_size_last_edited=&#8221;on|phone&#8221; text_text_align=&#8221;justify&#8221; locked=&#8221;off&#8221; global_colors_info=&#8221;{}&#8221;]<\/p>\n<p><span>Giardini aperti a Piacenza con Interno Verde, la manifestazione che, giunta alla seconda edizione nel 2024, ha permesso di esplorare oltre 40 tra i pi\u00f9 suggestivi e curiosi giardini privati del centro storico, attraverso i quali \u00e8 possibile leggere la storia, i cambiamenti e i vissuti della citt\u00e0.<br \/><\/span><\/p>\n<p><span>Ha arricchito le edizioni un fitto programma di attivit\u00e0 dedicate alla natura, all\u2019ambiente e allo straordinario patrimonio architettonico della citt\u00e0: ciclopasseggiate e visite guidate, mostre e installazioni artistiche, laboratori per adulti e bambini.<\/span><span><\/span><\/p>\n<p>[\/et_pb_text][\/et_pb_column][\/et_pb_row][et_pb_row _builder_version=&#8221;4.21.2&#8243; _module_preset=&#8221;default&#8221; global_colors_info=&#8221;{}&#8221;][et_pb_column type=&#8221;4_4&#8243; _builder_version=&#8221;4.16&#8243; _module_preset=&#8221;default&#8221; global_colors_info=&#8221;{}&#8221;][et_pb_button button_url=&#8221;https:\/\/internoverde.it\/giardinoteca\/giardinoteca-piacenza\/&#8221; button_text=&#8221;Visita la giardinoteca di Piacenza&#8221; button_alignment=&#8221;center&#8221; disabled_on=&#8221;off|off|off&#8221; _builder_version=&#8221;4.25.2&#8243; _module_preset=&#8221;default&#8221; custom_button=&#8221;on&#8221; button_bg_color=&#8221;RGBA(255,255,255,0)&#8221; button_border_radius=&#8221;25px&#8221; button_font=&#8221;unbaunded||||||||&#8221; button_icon=&#8221;&#xf06c;||fa||900&#8243; custom_margin=&#8221;||||false|false&#8221; custom_padding=&#8221;||||true|false&#8221; button_text_size_tablet=&#8221;&#8221; button_text_size_phone=&#8221;14px&#8221; button_text_size_last_edited=&#8221;on|phone&#8221; custom_css_main_element=&#8221;width: 100%&#8221; locked=&#8221;off&#8221; global_colors_info=&#8221;{}&#8221;][\/et_pb_button][\/et_pb_column][\/et_pb_row][et_pb_row _builder_version=&#8221;4.16&#8243; _module_preset=&#8221;default&#8221; global_colors_info=&#8221;{}&#8221;][et_pb_column type=&#8221;4_4&#8243; _builder_version=&#8221;4.16&#8243; _module_preset=&#8221;default&#8221; global_colors_info=&#8221;{}&#8221;][et_pb_text content_tablet=&#8221;<\/p>\n<h4>Precedenti edizioni a Piacenza<\/h4>\n<p>&#8221; content_phone=&#8221;<\/p>\n<h4 style=%22text-align: center;%22>Festival<\/h4>\n<p>&#8221; content_last_edited=&#8221;on|phone&#8221; _builder_version=&#8221;4.27.4&#8243; _module_preset=&#8221;default&#8221; header_4_font=&#8221;unbaunded||||||||&#8221; header_4_font_size_tablet=&#8221;&#8221; header_4_font_size_phone=&#8221;25px&#8221; header_4_font_size_last_edited=&#8221;on|phone&#8221; global_colors_info=&#8221;{}&#8221;]<\/p>\n<h4 style=\"text-align: left;\">Festival<\/h4>\n<p>[\/et_pb_text][\/et_pb_column][\/et_pb_row][et_pb_row column_structure=&#8221;1_5,1_5,1_5,1_5,1_5&#8243; disabled_on=&#8221;off|off|off&#8221; _builder_version=&#8221;4.27.4&#8243; _module_preset=&#8221;default&#8221; custom_padding=&#8221;15px||||false|false&#8221; global_colors_info=&#8221;{}&#8221;][et_pb_column type=&#8221;1_5&#8243; _builder_version=&#8221;4.24.2&#8243; _module_preset=&#8221;default&#8221; link_option_url=&#8221;https:\/\/internoverde.it\/edizione-2023\/&#8221; global_colors_info=&#8221;{}&#8221;][\/et_pb_column][et_pb_column type=&#8221;1_5&#8243; _builder_version=&#8221;4.16&#8243; _module_preset=&#8221;default&#8221; global_colors_info=&#8221;{}&#8221;][et_pb_image src=&#8221;https:\/\/internoverde.it\/wp-content\/uploads\/2025\/06\/Copertina_Piacenza.webp&#8221; url=&#8221;https:\/\/internoverde.it\/piacenza\/edizione-2025\/&#8221; _builder_version=&#8221;4.27.4&#8243; _module_preset=&#8221;default&#8221; animation_style=&#8221;roll&#8221; hover_enabled=&#8221;0&#8243; border_radii=&#8221;on|25px|25px|25px|25px&#8221; border_width_all=&#8221;2px&#8221; border_color_all=&#8221;#dc143c&#8221; global_colors_info=&#8221;{}&#8221; transform_styles__hover_enabled=&#8221;on|hover&#8221; transform_scale__hover_enabled=&#8221;on|desktop&#8221; transform_translate__hover_enabled=&#8221;on|desktop&#8221; transform_rotate__hover_enabled=&#8221;on|hover&#8221; transform_skew__hover_enabled=&#8221;on|desktop&#8221; transform_origin__hover_enabled=&#8221;on|desktop&#8221; transform_rotate__hover=&#8221;0deg|0deg|355deg&#8221; sticky_enabled=&#8221;0&#8243;][\/et_pb_image][et_pb_text _builder_version=&#8221;4.27.4&#8243; _module_preset=&#8221;default&#8221; header_5_font=&#8221;unbaunded||||||||&#8221; hover_enabled=&#8221;0&#8243; global_colors_info=&#8221;{}&#8221; sticky_enabled=&#8221;0&#8243;]<\/p>\n<h5 style=\"text-align: center;\">Piacenza 2025<\/h5>\n<p>[\/et_pb_text][\/et_pb_column][et_pb_column type=&#8221;1_5&#8243; _builder_version=&#8221;4.16&#8243; _module_preset=&#8221;default&#8221; global_colors_info=&#8221;{}&#8221;][et_pb_image src=&#8221;https:\/\/internoverde.it\/wp-content\/uploads\/2024\/07\/Screenshot-2024-07-12-alle-17.41.52_risultato.webp&#8221; url=&#8221;https:\/\/internoverde.it\/piacenza\/edizione-2024\/&#8221; _builder_version=&#8221;4.25.2&#8243; _module_preset=&#8221;default&#8221; animation_style=&#8221;roll&#8221; border_radii=&#8221;on|25px|25px|25px|25px&#8221; border_width_all=&#8221;2px&#8221; border_color_all=&#8221;#dc143c&#8221; global_colors_info=&#8221;{}&#8221; transform_styles__hover_enabled=&#8221;on|hover&#8221; transform_scale__hover_enabled=&#8221;on|desktop&#8221; transform_translate__hover_enabled=&#8221;on|desktop&#8221; transform_rotate__hover_enabled=&#8221;on|hover&#8221; transform_skew__hover_enabled=&#8221;on|desktop&#8221; transform_origin__hover_enabled=&#8221;on|desktop&#8221; transform_rotate__hover=&#8221;0deg|0deg|355deg&#8221;][\/et_pb_image][et_pb_text _builder_version=&#8221;4.25.2&#8243; _module_preset=&#8221;default&#8221; header_5_font=&#8221;unbaunded||||||||&#8221; global_colors_info=&#8221;{}&#8221;]<\/p>\n<h5 style=\"text-align: center;\">Piacenza 2024<\/h5>\n<p>[\/et_pb_text][\/et_pb_column][et_pb_column type=&#8221;1_5&#8243; _builder_version=&#8221;4.16&#8243; _module_preset=&#8221;default&#8221; global_colors_info=&#8221;{}&#8221;][et_pb_image src=&#8221;https:\/\/internoverde.it\/wp-content\/uploads\/2024\/07\/Screenshot-2024-07-12-alle-17.40.20_risultato.webp&#8221; url=&#8221;https:\/\/internoverde.it\/piacenza\/edizione-2023\/&#8221; _builder_version=&#8221;4.25.2&#8243; _module_preset=&#8221;default&#8221; animation_style=&#8221;roll&#8221; border_radii=&#8221;on|25px|25px|25px|25px&#8221; border_width_all=&#8221;2px&#8221; border_color_all=&#8221;#dc143c&#8221; global_colors_info=&#8221;{}&#8221; transform_styles__hover_enabled=&#8221;on|hover&#8221; transform_scale__hover_enabled=&#8221;on|desktop&#8221; transform_translate__hover_enabled=&#8221;on|desktop&#8221; transform_rotate__hover_enabled=&#8221;on|hover&#8221; transform_skew__hover_enabled=&#8221;on|desktop&#8221; transform_origin__hover_enabled=&#8221;on|desktop&#8221; transform_rotate__hover=&#8221;0deg|0deg|355deg&#8221;][\/et_pb_image][et_pb_text _builder_version=&#8221;4.24.2&#8243; _module_preset=&#8221;default&#8221; header_5_font=&#8221;unbaunded||||||||&#8221; global_colors_info=&#8221;{}&#8221;]<\/p>\n<h5 style=\"text-align: center;\">Piacenza 2023<\/h5>\n<p>[\/et_pb_text][\/et_pb_column][et_pb_column type=&#8221;1_5&#8243; _builder_version=&#8221;4.16&#8243; _module_preset=&#8221;default&#8221; global_colors_info=&#8221;{}&#8221;][\/et_pb_column][\/et_pb_row][et_pb_row disabled_on=&#8221;off|off|off&#8221; _builder_version=&#8221;4.27.4&#8243; width_tablet=&#8221;70%&#8221; width_phone=&#8221;80%&#8221; width_last_edited=&#8221;on|tablet&#8221; custom_padding=&#8221;||||true|false&#8221; global_colors_info=&#8221;{}&#8221;][et_pb_column type=&#8221;4_4&#8243; _builder_version=&#8221;4.16&#8243; global_colors_info=&#8221;{}&#8221;][et_pb_button button_url=&#8221;https:\/\/internoverde.it\/edizioni\/&#8221; button_text=&#8221;Scopri tutte le edizioni di Interno Verde&#8221; button_alignment=&#8221;center&#8221; disabled_on=&#8221;off|off|off&#8221; _builder_version=&#8221;4.27.4&#8243; _module_preset=&#8221;default&#8221; custom_button=&#8221;on&#8221; button_border_radius=&#8221;25px&#8221; button_font=&#8221;unbaunded||||||||&#8221; button_icon=&#8221;&#xf4d8;||fa||900&#8243; custom_margin=&#8221;||||false|false&#8221; custom_padding=&#8221;||||true|false&#8221; button_text_size_tablet=&#8221;&#8221; button_text_size_phone=&#8221;16px&#8221; button_text_size_last_edited=&#8221;on|phone&#8221; custom_css_main_element=&#8221;width: 100%&#8221; locked=&#8221;off&#8221; global_colors_info=&#8221;{}&#8221;][\/et_pb_button][\/et_pb_column][\/et_pb_row][et_pb_row disabled_on=&#8221;on|on|on&#8221; _builder_version=&#8221;4.27.4&#8243; width=&#8221;40%&#8221; width_tablet=&#8221;70%&#8221; width_phone=&#8221;80%&#8221; width_last_edited=&#8221;on|tablet&#8221; custom_padding=&#8221;0px||0px||false|false&#8221; disabled=&#8221;on&#8221; global_colors_info=&#8221;{}&#8221;][et_pb_column type=&#8221;4_4&#8243; _builder_version=&#8221;4.16&#8243; global_colors_info=&#8221;{}&#8221;][et_pb_tabs active_tab_background_color=&#8221;RGBA(255,255,255,0)&#8221; active_tab_text_color=&#8221;#dd0b15&#8243; disabled_on=&#8221;off|off|off&#8221; _builder_version=&#8221;4.27.4&#8243; _module_preset=&#8221;default&#8221; background_color=&#8221;RGBA(255,255,255,0)&#8221; hover_enabled=&#8221;0&#8243; border_radii=&#8221;on|25px|25px|25px|25px&#8221; border_width_all=&#8221;2px&#8221; border_color_all=&#8221;#dd0b15&#8243; global_colors_info=&#8221;{}&#8221; sticky_enabled=&#8221;0&#8243;][et_pb_tab title=&#8221;2025&#8243; _builder_version=&#8221;4.27.4&#8243; _module_preset=&#8221;default&#8221; link_option_url=&#8221;https:\/\/internoverde.it\/piacenza\/edizione-2024\/&#8221; hover_enabled=&#8221;0&#8243; global_colors_info=&#8221;{}&#8221; sticky_enabled=&#8221;0&#8243;]<\/p>\n<p><a href=\"https:\/\/internoverde.it\/piacenza\/edizione-2025\/\"><img loading=\"lazy\" decoding=\"async\" src=\"https:\/\/internoverde.it\/wp-content\/uploads\/2025\/06\/Copertina_Piacenza-216x300.webp\" width=\"216\" height=\"300\" alt=\"\" class=\"wp-image-28317 aligncenter size-medium\" \/><\/a><\/p>\n<p>[\/et_pb_tab][et_pb_tab title=&#8221;2024&#8243; _builder_version=&#8221;4.27.2&#8243; _module_preset=&#8221;default&#8221; link_option_url=&#8221;https:\/\/internoverde.it\/piacenza\/edizione-2024\/&#8221; global_colors_info=&#8221;{}&#8221;]<\/p>\n<p><a href=\"https:\/\/internoverde.it\/piacenza\/edizione-2024\/\"><img loading=\"lazy\" decoding=\"async\" src=\"https:\/\/internoverde.it\/wp-content\/uploads\/2024\/07\/Screenshot-2024-07-12-alle-17.41.52_risultato-223x300.webp\" width=\"223\" height=\"300\" alt=\"\" class=\"wp-image-21889 aligncenter size-medium\" \/><\/a><\/p>\n<p>[\/et_pb_tab][et_pb_tab title=&#8221;2023&#8243; _builder_version=&#8221;4.27.2&#8243; _module_preset=&#8221;default&#8221; link_option_url=&#8221;https:\/\/internoverde.it\/piacenza\/edizione-2023\/&#8221; global_colors_info=&#8221;{}&#8221;]<\/p>\n<p><a href=\"https:\/\/internoverde.it\/piacenza\/edizione-2023\/\"><img loading=\"lazy\" decoding=\"async\" src=\"https:\/\/internoverde.it\/wp-content\/uploads\/2024\/07\/Screenshot-2024-07-12-alle-17.40.20_risultato-223x300.webp\" width=\"223\" height=\"300\" alt=\"\" class=\"wp-image-21888 aligncenter size-medium\" \/><\/a><\/p>\n<p>[\/et_pb_tab][\/et_pb_tabs][et_pb_button button_url=&#8221;https:\/\/internoverde.it\/edizioni&#8221; button_text=&#8221;Scopri tutte le edizioni di Interno Verde&#8221; button_alignment=&#8221;center&#8221; disabled_on=&#8221;off|off|off&#8221; _builder_version=&#8221;4.21.2&#8243; _module_preset=&#8221;default&#8221; custom_button=&#8221;on&#8221; button_border_radius=&#8221;25px&#8221; button_font=&#8221;unbaunded||||||||&#8221; button_icon=&#8221;&#xf1da;||fa||900&#8243; custom_margin=&#8221;40px||40px||false|false&#8221; button_text_size_tablet=&#8221;&#8221; button_text_size_phone=&#8221;10px&#8221; button_text_size_last_edited=&#8221;on|phone&#8221; custom_css_main_element=&#8221;width: 100%&#8221; global_colors_info=&#8221;{}&#8221;][\/et_pb_button][\/et_pb_column][\/et_pb_row][et_pb_row disabled_on=&#8221;off|off|off&#8221; _builder_version=&#8221;4.25.2&#8243; _module_preset=&#8221;default&#8221; global_colors_info=&#8221;{}&#8221;][et_pb_column type=&#8221;4_4&#8243; _builder_version=&#8221;4.16&#8243; _module_preset=&#8221;default&#8221; global_colors_info=&#8221;{}&#8221;][et_pb_text content_tablet=&#8221;<\/p>\n<h4 style=%22text-align: left;%22>I progetti di IV a Piacenza<\/h4>\n<p>&#8221; content_phone=&#8221;<\/p>\n<h4 style=%22text-align: center;%22>Progetti<\/h4>\n<p>&#8221; content_last_edited=&#8221;on|phone&#8221; _builder_version=&#8221;4.27.4&#8243; _module_preset=&#8221;default&#8221; header_4_font=&#8221;unbaunded||||||||&#8221; min_height=&#8221;8px&#8221; custom_padding=&#8221;2px|||||&#8221; header_4_font_size_tablet=&#8221;&#8221; header_4_font_size_phone=&#8221;25px&#8221; header_4_font_size_last_edited=&#8221;on|phone&#8221; global_colors_info=&#8221;{}&#8221;]<\/p>\n<h4 style=\"text-align: left;\">Progetti<\/h4>\n<p>[\/et_pb_text][et_pb_portfolio fullwidth=&#8221;off&#8221; include_categories=&#8221;179&#8243; show_categories=&#8221;off&#8221; _builder_version=&#8221;4.25.2&#8243; _module_preset=&#8221;default&#8221; title_font=&#8221;unbaunded||||||||&#8221; title_text_align=&#8221;center&#8221; title_font_size=&#8221;17px&#8221; title_line_height=&#8221;1.8em&#8221; border_radii_image=&#8221;on|25px|25px|25px|25px&#8221; border_width_all_image=&#8221;2px&#8221; border_color_all_image=&#8221;#dc143c&#8221; global_colors_info=&#8221;{}&#8221;][\/et_pb_portfolio][\/et_pb_column][\/et_pb_row][et_pb_row _builder_version=&#8221;4.27.4&#8243; _module_preset=&#8221;default&#8221; global_colors_info=&#8221;{}&#8221;][et_pb_column type=&#8221;4_4&#8243; _builder_version=&#8221;4.16&#8243; _module_preset=&#8221;default&#8221; global_colors_info=&#8221;{}&#8221;][et_pb_text content_tablet=&#8221;<\/p>\n<h4>Precedenti edizioni a Piacenza<\/h4>\n<p>&#8221; content_phone=&#8221;<\/p>\n<h4 style=%22text-align: center;%22>Partner<\/h4>\n<p>\u00a0<\/p>\n<p><span>Casa Circondariale \u201cLe Novate\u201d, <\/span><a href=%22https:\/\/diocesipiacenzabobbio.org\/%22 data-et-target-link=%22_blank%22 rel=%22noopener%22>Diocesi di Piacenza<\/a><span>, <\/span><a href=%22https:\/\/riccioddi.it\/%22 data-et-target-link=%22_blank%22 rel=%22noopener%22>Galleria Ricci Oddi<\/a><span>, <\/span><a href=%22https:\/\/www.campusagroalimentarepiacenza.it\/%22 data-et-target-link=%22_blank%22 rel=%22noopener%22>Campus agroalimentare Raineri Marcora<\/a><span>, <\/span><a href=%22https:\/\/www.piacenzafuturo.com\/casali%22 data-et-target-link=%22_blank%22 rel=%22noopener%22>Istituto Casali<\/a><span>, <\/span><a href=%22https:\/\/www.polovolta.edu.it\/%22 data-et-target-link=%22_blank%22 rel=%22noopener%22>Istituto Volta<\/a><span>, <\/span><a href=%22https:\/\/www.liceicolombini.edu.it\/%22 data-et-target-link=%22_blank%22 rel=%22noopener%22>Liceo Colombini<\/a><span>, <\/span><a href=%22https:\/\/www.comune.piacenza.it\/it\/organizational_unit\/5369%22 data-et-target-link=%22_blank%22 rel=%22noopener%22>Infoambiente<\/a><span>, <\/span><a href=%22https:\/\/www.polo-piacenza.polimi.it\/%22 data-et-target-link=%22_blank%22 rel=%22noopener%22>Politecnico di Milano<\/a><span>, <\/span><a href=%22https:\/\/piacenza.unicatt.it\/%22 data-et-target-link=%22_blank%22 rel=%22noopener%22>Universit\u00e0 Cattolica del Sacro Cuore<\/a><span>, <\/span><a href=%22https:\/\/alfabetobianco.com\/%22 data-et-target-link=%22_blank%22 rel=%22noopener%22>AlfabetoBianco<\/a><span>, <\/span><a href=%22https:\/\/www.baronerampante.it\/%22 data-et-target-link=%22_blank%22 rel=%22noopener%22>Barone Rampante<\/a><span>, <\/span><a href=%22https:\/\/www.casadelviaggiatore.eu\/it\/%22 data-et-target-link=%22_blank%22 rel=%22noopener%22>Casa del Viaggiatore<\/a><span>, <\/span><a href=%22https:\/\/www.confagricoltura.org\/piacenza\/%22 data-et-target-link=%22_blank%22 rel=%22noopener%22>Confagricoltura Piacenza<\/a><span>, <\/span><a href=%22http:\/\/www.confediliziapiacenza.it\/%22 data-et-target-link=%22_blank%22 rel=%22noopener%22>Confedilizia Piacenza<\/a><span>, <\/span><a href=%22https:\/\/cbpiacenza.it\/index.php?lang=it%22 data-et-target-link=%22_blank%22 rel=%22noopener%22>Consorzio di Bonifica di Piacenza<\/a><span>, <\/span><a href=%22https:\/\/cosmonauti.org\/%22 data-et-target-link=%22_blank%22 rel=%22noopener%22>Cosmonauti<\/a><span>, <\/span><a href=%22https:\/\/www.entefarnese.it\/%22 data-et-target-link=%22_blank%22 rel=%22noopener%22>Ente Farnese<\/a><span>, <\/span><a href=%22https:\/\/fondoambiente.it\/luoghi\/rete-fai\/delegazione-fai-di-piacenza%22 data-et-target-link=%22_blank%22 rel=%22noopener%22>FAI Piacenza<\/a><span>, <\/span><a href=%22https:\/\/www.instagram.com\/flora.piacenza\/%22 data-et-target-link=%22_blank%22 rel=%22noopener%22>Flora<\/a><span>, <\/span><a href=%22https:\/\/www.facebook.com\/fuoriserieassociazione\/?locale=it_IT%22 data-et-target-link=%22_blank%22 rel=%22noopener%22>Fuori Serie<\/a><span>, <\/span><a href=%22https:\/\/www.ioristorante.it\/%22 data-et-target-link=%22_blank%22 rel=%22noopener%22>IO<\/a><span>, <\/span><a href=%22https:\/\/www.italianostra.org\/sezioni-e-consigli-regionali\/emilia-romagna\/piacenza\/%22 data-et-target-link=%22_blank%22 rel=%22noopener%22>Italia Nostra Piacenza<\/a><span>, <\/span><a href=%22https:\/\/laricerca.net\/%22 data-et-target-link=%22_blank%22 rel=%22noopener%22>La Ricerca<\/a><span>, <\/span><a href=%22https:\/\/legambiente.piacenza.it\/%22 data-et-target-link=%22_blank%22 rel=%22noopener%22>Legambiente Piacenza<\/a><span>, <\/span><a href=%22https:\/\/fahrenheit451piacenza.com\/%22 data-et-target-link=%22_blank%22 rel=%22noopener%22>Libreria Fahrenheit 451<\/a><span>, <\/span><a href=%22https:\/\/lofai.eatbu.com\/%22 data-et-target-link=%22_blank%22 rel=%22noopener%22>Lo Fai<\/a><span>, <\/span><a href=%22https:\/\/www.facebook.com\/lortobotanico\/?locale=it_IT%22 data-et-target-link=%22_blank%22 rel=%22noopener%22>L\u2019Orto Botanico<\/a><span>, <\/span><a href=%22https:\/\/www.instagram.com\/rat.haus\/%22 data-et-target-link=%22_blank%22 rel=%22noopener%22>Rathaus<\/a><span>, <\/span><a href=%22https:\/\/www.collegioalberoni.it\/%22 data-et-target-link=%22_blank%22 rel=%22noopener%22>Opera Pia Alberoni<\/a><span>, <\/span><a href=%22https:\/\/maps.app.goo.gl\/2pPrk8Th7Wu1aQoXA%22 data-et-target-link=%22_blank%22 rel=%22noopener%22>Osteria della Balera<\/a><span>, <\/span><a href=%22https:\/\/www.studionilo.it\/%22 data-et-target-link=%22_blank%22 rel=%22noopener%22>Studio Nilo<\/a><span>, <\/span><a href=%22https:\/\/volumnia.space\/it\/%22 data-et-target-link=%22_blank%22 rel=%22noopener%22>Volumnia<\/a><span>.<\/span><\/p>\n<p>&#8221; content_last_edited=&#8221;on|phone&#8221; _builder_version=&#8221;4.27.4&#8243; _module_preset=&#8221;default&#8221; header_4_font=&#8221;unbaunded||||||||&#8221; text_font_size_tablet=&#8221;&#8221; text_font_size_phone=&#8221;14px&#8221; text_font_size_last_edited=&#8221;on|phone&#8221; header_4_font_size_tablet=&#8221;&#8221; header_4_font_size_phone=&#8221;25px&#8221; header_4_font_size_last_edited=&#8221;on|phone&#8221; global_colors_info=&#8221;{}&#8221;]<\/p>\n<h4>Partner<\/h4>\n<p>&nbsp;<\/p>\n<p><span>Casa Circondariale \u201cLe Novate\u201d,\u00a0<\/span><a href=\"https:\/\/diocesipiacenzabobbio.org\/\" target=\"_blank\" rel=\"noopener\">Diocesi di Piacenza<\/a><span>,\u00a0<\/span><a href=\"https:\/\/riccioddi.it\/\" target=\"_blank\" rel=\"noopener\">Galleria Ricci Oddi<\/a><span>,\u00a0<\/span><a href=\"https:\/\/www.campusagroalimentarepiacenza.it\/\" target=\"_blank\" rel=\"noopener\">Campus agroalimentare Raineri Marcora<\/a><span>,\u00a0<\/span><a href=\"https:\/\/www.piacenzafuturo.com\/casali\" target=\"_blank\" rel=\"noopener\">Istituto Casali<\/a><span>,\u00a0<\/span><a href=\"https:\/\/www.polovolta.edu.it\/\" target=\"_blank\" rel=\"noopener\">Istituto Volta<\/a><span>,\u00a0<\/span><a href=\"https:\/\/www.liceicolombini.edu.it\/\" target=\"_blank\" rel=\"noopener\">Liceo Colombini<\/a><span>,\u00a0<\/span><a href=\"https:\/\/www.comune.piacenza.it\/it\/organizational_unit\/5369\" target=\"_blank\" rel=\"noopener\">Infoambiente<\/a><span>,\u00a0<\/span><a href=\"https:\/\/www.polo-piacenza.polimi.it\/\" target=\"_blank\" rel=\"noopener\">Politecnico di Milano<\/a><span>,\u00a0<\/span><a href=\"https:\/\/piacenza.unicatt.it\/\" target=\"_blank\" rel=\"noopener\">Universit\u00e0 Cattolica del Sacro Cuore<\/a><span>,\u00a0<\/span><a href=\"https:\/\/www.instagram.com\/alfabetobianco\/?hl=it\" target=\"_blank\" rel=\"noopener\">AlfabetoBianco<\/a><span>,\u00a0<\/span><a href=\"https:\/\/www.baronerampante.it\/\" target=\"_blank\" rel=\"noopener\">Barone Rampante<\/a><span>,\u00a0<\/span><a href=\"https:\/\/www.casadelviaggiatore.eu\/it\/\" target=\"_blank\" rel=\"noopener\">Casa del Viaggiatore<\/a><span>,\u00a0<\/span><a href=\"https:\/\/www.confagricoltura.org\/piacenza\/\" target=\"_blank\" rel=\"noopener\">Confagricoltura Piacenza<\/a><span>,\u00a0<\/span><a href=\"http:\/\/www.confediliziapiacenza.it\/\" target=\"_blank\" rel=\"noopener\">Confedilizia Piacenza<\/a><span>,\u00a0<\/span><a href=\"https:\/\/cbpiacenza.it\/index.php?lang=it\" target=\"_blank\" rel=\"noopener\">Consorzio di Bonifica di Piacenza<\/a><span>,\u00a0<\/span><a href=\"https:\/\/cosmonauti.org\/\" target=\"_blank\" rel=\"noopener\">Cosmonauti<\/a><span>,\u00a0<\/span><a href=\"https:\/\/www.entefarnese.it\/\" target=\"_blank\" rel=\"noopener\">Ente Farnese<\/a><span>,\u00a0<\/span><a href=\"https:\/\/fondoambiente.it\/luoghi\/rete-fai\/delegazione-fai-di-piacenza\" target=\"_blank\" rel=\"noopener\">FAI Piacenza<\/a><span>,\u00a0<\/span><a href=\"https:\/\/www.instagram.com\/flora.piacenza\/\" target=\"_blank\" rel=\"noopener\">Flora<\/a><span>,\u00a0<\/span><a href=\"https:\/\/www.facebook.com\/fuoriserieassociazione\/?locale=it_IT\" target=\"_blank\" rel=\"noopener\">Fuori Serie<\/a><span>,\u00a0<\/span><a href=\"https:\/\/www.ioristorante.it\/\" target=\"_blank\" rel=\"noopener\">IO<\/a><span>,\u00a0<\/span><a href=\"https:\/\/www.italianostra.org\/sezioni-e-consigli-regionali\/emilia-romagna\/piacenza\/\" target=\"_blank\" rel=\"noopener\">Italia Nostra Piacenza<\/a><span>,\u00a0<\/span><a href=\"https:\/\/laricerca.net\/\" target=\"_blank\" rel=\"noopener\">La Ricerca<\/a><span>,\u00a0<\/span><a href=\"https:\/\/legambiente.piacenza.it\/\" target=\"_blank\" rel=\"noopener\">Legambiente Piacenza<\/a><span>,\u00a0<\/span><a href=\"https:\/\/fahrenheit451piacenza.com\/\" target=\"_blank\" rel=\"noopener\">Libreria Fahrenheit 451<\/a><span>,\u00a0<\/span><a href=\"https:\/\/lofai.eatbu.com\/\" target=\"_blank\" rel=\"noopener\">Lo Fai<\/a><span>,\u00a0<\/span><a href=\"https:\/\/www.facebook.com\/lortobotanico\/?locale=it_IT\" target=\"_blank\" rel=\"noopener\">L\u2019Orto Botanico<\/a><span>,\u00a0<\/span><a href=\"https:\/\/www.instagram.com\/rat.haus\/\" target=\"_blank\" rel=\"noopener\">Rathaus<\/a><span>,\u00a0<\/span><a href=\"https:\/\/www.collegioalberoni.it\/\" target=\"_blank\" rel=\"noopener\">Opera Pia Alberoni<\/a><span>,\u00a0<\/span><a href=\"https:\/\/maps.app.goo.gl\/2pPrk8Th7Wu1aQoXA\" target=\"_blank\" rel=\"noopener\">Osteria della Balera<\/a><span>,\u00a0<\/span><a href=\"https:\/\/www.studionilo.it\/\" target=\"_blank\" rel=\"noopener\">Studio Nilo<\/a><span>,\u00a0<\/span><a href=\"https:\/\/volumnia.space\/it\/\" target=\"_blank\" rel=\"noopener\">Volumnia<\/a><span>.<\/span><\/p>\n<p>[\/et_pb_text][\/et_pb_column][\/et_pb_row][\/et_pb_section]<\/p>\n","protected":false},"excerpt":{"rendered":"<p>Interno Verde a PiacenzaGiardini aperti a Piacenza con Interno Verde, la manifestazione che, giunta alla seconda edizione nel 2024, ha permesso di esplorare oltre 40 tra i pi\u00f9 suggestivi e curiosi giardini privati del centro storico, attraverso i quali \u00e8 possibile leggere la storia, i cambiamenti e i vissuti della citt\u00e0. Ha arricchito le edizioni [&hellip;]<\/p>\n","protected":false},"author":1,"featured_media":0,"parent":0,"menu_order":0,"comment_status":"closed","ping_status":"closed","template":"","meta":{"_et_pb_use_builder":"on","_et_pb_old_content":"","_et_gb_content_width":"","footnotes":""},"class_list":["post-18894","page","type-page","status-publish","hentry"],"aioseo_notices":[],"_links":{"self":[{"href":"https:\/\/internoverde.it\/eng\/wp-json\/wp\/v2\/pages\/18894","targetHints":{"allow":["GET"]}}],"collection":[{"href":"https:\/\/internoverde.it\/eng\/wp-json\/wp\/v2\/pages"}],"about":[{"href":"https:\/\/internoverde.it\/eng\/wp-json\/wp\/v2\/types\/page"}],"author":[{"embeddable":true,"href":"https:\/\/internoverde.it\/eng\/wp-json\/wp\/v2\/users\/1"}],"replies":[{"embeddable":true,"href":"https:\/\/internoverde.it\/eng\/wp-json\/wp\/v2\/comments?post=18894"}],"version-history":[{"count":11,"href":"https:\/\/internoverde.it\/eng\/wp-json\/wp\/v2\/pages\/18894\/revisions"}],"predecessor-version":[{"id":29799,"href":"https:\/\/internoverde.it\/eng\/wp-json\/wp\/v2\/pages\/18894\/revisions\/29799"}],"wp:attachment":[{"href":"https:\/\/internoverde.it\/eng\/wp-json\/wp\/v2\/media?parent=18894"}],"curies":[{"name":"wp","href":"https:\/\/api.w.org\/{rel}","templated":true}]}}